{"id":696,"date":"2024-11-14T15:34:24","date_gmt":"2024-11-14T15:34:24","guid":{"rendered":"https:\/\/baobivinpack.tgs.com.vn\/?post_type=product&#038;p=696"},"modified":"2024-11-20T07:59:38","modified_gmt":"2024-11-20T07:59:38","slug":"product-content-demo","status":"publish","type":"product","link":"https:\/\/baobivinpack.tgs.com.vn\/san-pham\/product-content-demo\/","title":{"rendered":"Product Content Demo"},"content":{"rendered":"<table class=\"content-list\" style=\"font-size: 16px;\">\n<tbody>\n<tr class=\"content-container\">\n<td>\n<p class=\"css-1c4fxto text-gray-7\"><span style=\"color: #000000;\">D\u1ea1ng b\u00e0o ch\u1ebf<\/span><\/p>\n<\/td>\n<td class=\"flex-1\" colspan=\"1\">\n<div class=\"css-1e2qim1 text-gray-10\"><span style=\"color: #000000;\">Vi\u00ean nang<\/span><\/div>\n<\/td>\n<\/tr>\n<tr class=\"content-container\">\n<td>\n<p class=\"css-1c4fxto text-gray-7\"><span style=\"color: #000000;\">Quy c\u00e1ch<\/span><\/p>\n<\/td>\n<td class=\"flex-1\" colspan=\"1\">\n<div class=\"css-1e2qim1 text-gray-10\"><span style=\"color: #000000;\">H\u1ed9p 3 V\u1ec9 x 10 Vi\u00ean<\/span><\/div>\n<\/td>\n<\/tr>\n<tr class=\"content-container\">\n<td>\n<p class=\"css-1c4fxto text-gray-7\"><span style=\"color: #000000;\">Xu\u1ea5t x\u1ee9 th\u01b0\u01a1ng hi\u1ec7u<\/span><\/p>\n<\/td>\n<td class=\"flex-1\" colspan=\"1\">\n<div class=\"css-1e2qim1 text-gray-10\"><span style=\"color: #000000;\">Vi\u1ec7t Nam<\/span><\/div>\n<\/td>\n<\/tr>\n<tr class=\"content-container\">\n<td>\n<p class=\"css-1c4fxto text-gray-7\"><span style=\"color: #000000;\">Nh\u00e0 s\u1ea3n xu\u1ea5t<\/span><\/p>\n<\/td>\n<td class=\"flex-1\" colspan=\"1\">\n<div class=\"css-1e2qim1 text-gray-10\"><span style=\"color: #000000;\">C\u00d4NG TY C\u1ed4 PH\u1ea6N PH\u00c1T TRI\u1ec2N D\u01af\u1ee2C VESTA<\/span><\/div>\n<\/td>\n<\/tr>\n<tr class=\"content-container\">\n<td>\n<p class=\"css-1c4fxto text-gray-7\"><span style=\"color: #000000;\">N\u01b0\u1edbc s\u1ea3n xu\u1ea5t<\/span><\/p>\n<\/td>\n<td class=\"flex-1\" colspan=\"1\">\n<div class=\"css-1e2qim1 text-gray-10\"><span style=\"color: #000000;\">Vi\u1ec7t Nam<\/span><\/div>\n<\/td>\n<\/tr>\n<tr class=\"content-container\">\n<td>\n<p class=\"css-1c4fxto text-gray-7\"><span style=\"color: #000000;\">H\u1ed7 tr\u1ee3<\/span><\/p>\n<\/td>\n<td class=\"flex-1\" colspan=\"1\">\n<div><span style=\"color: #000000;\"><span class=\"css-1l7n2ui\">Ho<\/span>,\u00a0<span class=\"css-1l7n2ui\">Vi\u00eam ph\u1ebf<\/span> <span class=\"css-1l7n2ui\">qu\u1ea3n<\/span><\/span><\/div>\n<\/td>\n<\/tr>\n<tr class=\"content-container\">\n<td>\n<p class=\"css-1c4fxto text-gray-7\"><span style=\"color: #000000;\">Th\u00e0nh ph\u1ea7n<\/span><\/p>\n<\/td>\n<td class=\"flex-1\" colspan=\"1\">\n<div><span style=\"color: #000000;\"><span class=\"css-1l7n2ui\">Xuy\u00ean t\u00e2m li\u00ean,\u00a0<\/span><span class=\"css-1l7n2ui\">Thanh hao hoa v\u00e0ng,\u00a0<\/span><span class=\"css-1l7n2ui\">C\u00fac hoa,\u00a0<\/span><span class=\"css-1l7n2ui\">Acerola<\/span>,\u00a0<span class=\"css-1l7n2ui\">K\u1ebdm Gluconat,\u00a0<\/span><span class=\"css-1l7n2ui\">Pelargonium Graveolens (Geranium) Flower Oil,\u00a0<\/span><span class=\"css-1l7n2ui\">G\u1eebng,\u00a0<\/span><span class=\"css-1l7n2ui\">Cam th\u1ea3o<\/span><\/span><\/div>\n<\/td>\n<\/tr>\n<tr class=\"content-container\">\n<td>\n<p class=\"css-1c4fxto text-gray-7\"><span style=\"color: #000000;\">M\u00f4 t\u1ea3 ng\u1eafn<\/span><\/p>\n<\/td>\n<td class=\"flex-1\" colspan=\"1\">\n<div class=\"css-1e2qim1 text-gray-10\">\n<p><span style=\"color: #000000;\">Ph\u1ebf Khang H\u1ea3i Th\u01b0\u1ee3ng V\u01b0\u01a1ng h\u1ed7 tr\u1ee3 h\u1ea1n ch\u1ebf ho nhi\u1ec1u, gi\u00fap gi\u1ea3m bi\u1ec3u hi\u1ec7n t\u0103ng ti\u1ebft \u0111\u1eddm. H\u1ed7 tr\u1ee3 gi\u1ea3m \u0111au r\u00e1t h\u1ecdng, kh\u1ea3n ti\u1ebfng do ho k\u00e9o d\u00e0i.<\/span><\/p>\n<\/div>\n<\/td>\n<\/tr>\n<tr class=\"content-container\">\n<td>\n<p class=\"css-1c4fxto text-gray-7\"><span style=\"color: #000000;\">S\u1ed1 \u0111\u0103ng k\u00fd<\/span><\/p>\n<\/td>\n<td class=\"flex-1\" colspan=\"1\">\n<div class=\"css-1e2qim1 text-gray-10\"><span style=\"color: #000000;\">7574\/2021\/\u00d0KSP<\/span><\/div>\n<\/td>\n<\/tr>\n<\/tbody>\n<\/table>\n","protected":false},"excerpt":{"rendered":"<p>D\u1ea1ng b\u00e0o ch\u1ebf Vi\u00ean nang Quy c\u00e1ch H\u1ed9p 3 V\u1ec9 x 10 Vi\u00ean Xu\u1ea5t x\u1ee9 th\u01b0\u01a1ng hi\u1ec7u Vi\u1ec7t Nam Nh\u00e0 s\u1ea3n xu\u1ea5t C\u00d4NG TY C\u1ed4 PH\u1ea6N PH\u00c1T TRI\u1ec2N D\u01af\u1ee2C VESTA N\u01b0\u1edbc s\u1ea3n xu\u1ea5t Vi\u1ec7t Nam H\u1ed7 tr\u1ee3 Ho,\u00a0Vi\u00eam ph\u1ebf qu\u1ea3n Th\u00e0nh ph\u1ea7n Xuy\u00ean t\u00e2m li\u00ean,\u00a0Thanh hao hoa v\u00e0ng,\u00a0C\u00fac hoa,\u00a0Acerola,\u00a0K\u1ebdm Gluconat,\u00a0Pelargonium Graveolens (Geranium) Flower Oil,\u00a0G\u1eebng,\u00a0Cam th\u1ea3o [&#8230;]\n","protected":false},"featured_media":697,"comment_status":"open","ping_status":"closed","template":"","meta":{"_acf_changed":false},"product_cat":[25,27,251,253,26,23,24,15],"product_tag":[],"class_list":{"0":"post-696","1":"product","2":"type-product","3":"status-publish","4":"has-post-thumbnail","6":"product_cat-bao-bi-dong-goi","7":"product_cat-bao-bi-giay","8":"product_cat-sub-category-1","9":"product_cat-sub-category-3","10":"product_cat-tui-giay","11":"product_cat-tui-nilon","12":"product_cat-tui-tu-huy-sinh-hoc","13":"product_cat-tui-vai","15":"first","16":"instock","17":"shipping-taxable","18":"product-type-simple"},"acf":[],"_links":{"self":[{"href":"https:\/\/baobivinpack.tgs.com.vn\/en\/wp-json\/wp\/v2\/product\/696","targetHints":{"allow":["GET"]}}],"collection":[{"href":"https:\/\/baobivinpack.tgs.com.vn\/en\/wp-json\/wp\/v2\/product"}],"about":[{"href":"https:\/\/baobivinpack.tgs.com.vn\/en\/wp-json\/wp\/v2\/types\/product"}],"replies":[{"embeddable":true,"href":"https:\/\/baobivinpack.tgs.com.vn\/en\/wp-json\/wp\/v2\/comments?post=696"}],"wp:featuredmedia":[{"embeddable":true,"href":"https:\/\/baobivinpack.tgs.com.vn\/en\/wp-json\/wp\/v2\/media\/697"}],"wp:attachment":[{"href":"https:\/\/baobivinpack.tgs.com.vn\/en\/wp-json\/wp\/v2\/media?parent=696"}],"wp:term":[{"taxonomy":"product_cat","embeddable":true,"href":"https:\/\/baobivinpack.tgs.com.vn\/en\/wp-json\/wp\/v2\/product_cat?post=696"},{"taxonomy":"product_tag","embeddable":true,"href":"https:\/\/baobivinpack.tgs.com.vn\/en\/wp-json\/wp\/v2\/product_tag?post=696"}],"curies":[{"name":"wp","href":"https:\/\/api.w.org\/{rel}","templated":true}]}}